{"id":112,"date":"2023-06-14T18:43:18","date_gmt":"2023-06-14T15:43:18","guid":{"rendered":"https:\/\/gumbetanilbeach.com\/?page_id=112"},"modified":"2023-06-15T16:19:30","modified_gmt":"2023-06-15T13:19:30","slug":"restoran-restaurant","status":"publish","type":"page","link":"http:\/\/gumbetanilbeach.com\/?page_id=112","title":{"rendered":"Restoran \/ Restaurant"},"content":{"rendered":"<div  class='flex_column av-f3xvk-0c3353fb4fc079d2c684c9dc609590b5 av_one_full  avia-builder-el-0  avia-builder-el-no-sibling  first flex_column_div  '     ><p>\n<style type=\"text\/css\" data-created_by=\"avia_inline_auto\" id=\"style-css-av-livvyuiv-6fc2fc948f1890c2b6b3ff025cbd3b8f\">\n#top .hr.hr-invisible.av-livvyuiv-6fc2fc948f1890c2b6b3ff025cbd3b8f{\nheight:20px;\n}\n<\/style>\n<div  class='hr av-livvyuiv-6fc2fc948f1890c2b6b3ff025cbd3b8f hr-invisible  avia-builder-el-1  el_before_av_heading  avia-builder-el-first '><span class='hr-inner '><span class=\"hr-inner-style\"><\/span><\/span><\/div><br \/>\n\n<style type=\"text\/css\" data-created_by=\"avia_inline_auto\" id=\"style-css-av-livvsvy8-3ee5ccdf0d837b0bfde23408948a5b55\">\n#top .av-special-heading.av-livvsvy8-3ee5ccdf0d837b0bfde23408948a5b55{\npadding-bottom:10px;\ncolor:#079ebc;\n}\nbody .av-special-heading.av-livvsvy8-3ee5ccdf0d837b0bfde23408948a5b55 .av-special-heading-tag .heading-char{\nfont-size:25px;\n}\n.av-special-heading.av-livvsvy8-3ee5ccdf0d837b0bfde23408948a5b55 .special-heading-inner-border{\nborder-color:#079ebc;\n}\n.av-special-heading.av-livvsvy8-3ee5ccdf0d837b0bfde23408948a5b55 .av-subheading{\nfont-size:15px;\n}\n<\/style>\n<div  class='av-special-heading av-livvsvy8-3ee5ccdf0d837b0bfde23408948a5b55 av-special-heading-h2 custom-color-heading blockquote modern-quote modern-centered  avia-builder-el-2  el_after_av_hr  el_before_av_heading '><h2 class='av-special-heading-tag'  itemprop=\"headline\"  >A\u015f\u00e7\u0131lar\u0131m\u0131z\u0131n sizler i\u00e7in haz\u0131rlad\u0131\u011f\u0131 T\u00fcrk ve D\u00fcnya mutfaklar\u0131n\u0131n benzersiz lezzetleri,  damaklar\u0131n\u0131zda unutulmaz tatlar b\u0131rak\u0131r.<\/h2><div class=\"special-heading-border\"><div class=\"special-heading-inner-border\"><\/div><\/div><\/div><br \/>\n\n<style type=\"text\/css\" data-created_by=\"avia_inline_auto\" id=\"style-css-av-livw5a2g-19e540d92b2a89ecedb57e7343ecd529\">\n#top .av-special-heading.av-livw5a2g-19e540d92b2a89ecedb57e7343ecd529{\npadding-bottom:10px;\ncolor:#079ebc;\n}\nbody .av-special-heading.av-livw5a2g-19e540d92b2a89ecedb57e7343ecd529 .av-special-heading-tag .heading-char{\nfont-size:25px;\n}\n.av-special-heading.av-livw5a2g-19e540d92b2a89ecedb57e7343ecd529 .special-heading-inner-border{\nborder-color:#079ebc;\n}\n.av-special-heading.av-livw5a2g-19e540d92b2a89ecedb57e7343ecd529 .av-subheading{\nfont-size:15px;\n}\n<\/style>\n<div  class='av-special-heading av-livw5a2g-19e540d92b2a89ecedb57e7343ecd529 av-special-heading-h2 custom-color-heading blockquote modern-quote modern-centered  avia-builder-el-3  el_after_av_heading  el_before_av_hr '><h2 class='av-special-heading-tag'  itemprop=\"headline\"  >OUR CHEFS PREPARE FOR YOU THE UNIQUE FLAVORS OF TURKISH AND INTERNATIONAL CUISINE, MEMORABLE TASTE ON YOUR PALATES AND IN YOUR HEARTS LEAVES.<\/h2><div class=\"special-heading-border\"><div class=\"special-heading-inner-border\"><\/div><\/div><\/div><br \/>\n\n<style type=\"text\/css\" data-created_by=\"avia_inline_auto\" id=\"style-css-av-84oco-873712ca545d47e896f88a769e631fe5\">\n#top .hr.hr-invisible.av-84oco-873712ca545d47e896f88a769e631fe5{\nheight:120px;\n}\n<\/style>\n<div  class='hr av-84oco-873712ca545d47e896f88a769e631fe5 hr-invisible  avia-builder-el-4  el_after_av_heading  el_before_av_masonry_gallery  avia-builder-el-last '><span class='hr-inner '><span class=\"hr-inner-style\"><\/span><\/span><\/div><br \/>\n<div id='av-masonry-1' class='av-masonry av-livvqyqi-293d23ce20754dc60dfe33ffdfb87c7f noHover av-fixed-size av-1px-gap av-hover-overlay-active av-masonry-animation-active av-masonry-col-2 av-caption-always av-caption-style- av-masonry-gallery av-orientation-square ' data-post_id=\"112\"><div class=\"av-masonry-container isotope av-js-disabled\"><div class='av-masonry-entry isotope-item av-masonry-item-no-image '><\/div><a href=\"http:\/\/gumbetanilbeach.com\/wp-content\/uploads\/2023\/06\/5Y4A5086-1030x687.jpg\" data-srcset=\"http:\/\/gumbetanilbeach.com\/wp-content\/uploads\/2023\/06\/5Y4A5086-1030x687.jpg 1030w, http:\/\/gumbetanilbeach.com\/wp-content\/uploads\/2023\/06\/5Y4A5086-300x200.jpg 300w, http:\/\/gumbetanilbeach.com\/wp-content\/uploads\/2023\/06\/5Y4A5086-768x512.jpg 768w, http:\/\/gumbetanilbeach.com\/wp-content\/uploads\/2023\/06\/5Y4A5086-1536x1024.jpg 1536w, http:\/\/gumbetanilbeach.com\/wp-content\/uploads\/2023\/06\/5Y4A5086-2048x1365.jpg 2048w, http:\/\/gumbetanilbeach.com\/wp-content\/uploads\/2023\/06\/5Y4A5086-1500x1000.jpg 1500w, http:\/\/gumbetanilbeach.com\/wp-content\/uploads\/2023\/06\/5Y4A5086-705x470.jpg 705w\" data-sizes=\"(max-width: 1030px) 100vw, 1030px\"  aria-label=\"image 5Y4A5086\"  id='av-masonry-1-item-66' data-av-masonry-item='66' class='av-masonry-entry isotope-item post-66 attachment type-attachment status-inherit hentry  av-masonry-item-with-image' title=\"5Y4A5086\" alt=\"\"    itemprop=\"thumbnailUrl\" ><div class='av-inner-masonry-sizer'><\/div><figure class='av-inner-masonry main_color'><div class=\"av-masonry-outerimage-container\"><div class='av-masonry-image-container' style=\"background-image: url(http:\/\/gumbetanilbeach.com\/wp-content\/uploads\/2023\/06\/5Y4A5086-705x470.jpg);\"  title=\"5Y4A5086\"  ><\/div><\/div><\/figure><\/a><!--end av-masonry entry--><a href=\"http:\/\/gumbetanilbeach.com\/wp-content\/uploads\/2023\/06\/5Y4A5093-1030x687.jpg\" data-srcset=\"http:\/\/gumbetanilbeach.com\/wp-content\/uploads\/2023\/06\/5Y4A5093-1030x687.jpg 1030w, http:\/\/gumbetanilbeach.com\/wp-content\/uploads\/2023\/06\/5Y4A5093-300x200.jpg 300w, http:\/\/gumbetanilbeach.com\/wp-content\/uploads\/2023\/06\/5Y4A5093-768x512.jpg 768w, http:\/\/gumbetanilbeach.com\/wp-content\/uploads\/2023\/06\/5Y4A5093-1536x1024.jpg 1536w, http:\/\/gumbetanilbeach.com\/wp-content\/uploads\/2023\/06\/5Y4A5093-2048x1365.jpg 2048w, http:\/\/gumbetanilbeach.com\/wp-content\/uploads\/2023\/06\/5Y4A5093-1500x1000.jpg 1500w, http:\/\/gumbetanilbeach.com\/wp-content\/uploads\/2023\/06\/5Y4A5093-705x470.jpg 705w\" data-sizes=\"(max-width: 1030px) 100vw, 1030px\"  aria-label=\"image 5Y4A5093\"  id='av-masonry-1-item-67' data-av-masonry-item='67' class='av-masonry-entry isotope-item post-67 attachment type-attachment status-inherit hentry  av-masonry-item-with-image' title=\"5Y4A5093\" alt=\"\"    itemprop=\"thumbnailUrl\" ><div class='av-inner-masonry-sizer'><\/div><figure class='av-inner-masonry main_color'><div class=\"av-masonry-outerimage-container\"><div class='av-masonry-image-container' style=\"background-image: url(http:\/\/gumbetanilbeach.com\/wp-content\/uploads\/2023\/06\/5Y4A5093-705x470.jpg);\"  title=\"5Y4A5093\"  ><\/div><\/div><\/figure><\/a><!--end av-masonry entry--><a href=\"http:\/\/gumbetanilbeach.com\/wp-content\/uploads\/2023\/06\/5Y4A5075-1030x687.jpg\" data-srcset=\"http:\/\/gumbetanilbeach.com\/wp-content\/uploads\/2023\/06\/5Y4A5075-1030x687.jpg 1030w, http:\/\/gumbetanilbeach.com\/wp-content\/uploads\/2023\/06\/5Y4A5075-300x200.jpg 300w, http:\/\/gumbetanilbeach.com\/wp-content\/uploads\/2023\/06\/5Y4A5075-768x512.jpg 768w, http:\/\/gumbetanilbeach.com\/wp-content\/uploads\/2023\/06\/5Y4A5075-1536x1024.jpg 1536w, http:\/\/gumbetanilbeach.com\/wp-content\/uploads\/2023\/06\/5Y4A5075-2048x1365.jpg 2048w, http:\/\/gumbetanilbeach.com\/wp-content\/uploads\/2023\/06\/5Y4A5075-1500x1000.jpg 1500w, http:\/\/gumbetanilbeach.com\/wp-content\/uploads\/2023\/06\/5Y4A5075-705x470.jpg 705w\" data-sizes=\"(max-width: 1030px) 100vw, 1030px\"  aria-label=\"image 5Y4A5075\"  id='av-masonry-1-item-65' data-av-masonry-item='65' class='av-masonry-entry isotope-item post-65 attachment type-attachment status-inherit hentry  av-masonry-item-with-image' title=\"5Y4A5075\" alt=\"\"    itemprop=\"thumbnailUrl\" ><div class='av-inner-masonry-sizer'><\/div><figure class='av-inner-masonry main_color'><div class=\"av-masonry-outerimage-container\"><div class='av-masonry-image-container' style=\"background-image: url(http:\/\/gumbetanilbeach.com\/wp-content\/uploads\/2023\/06\/5Y4A5075-705x470.jpg);\"  title=\"5Y4A5075\"  ><\/div><\/div><\/figure><\/a><!--end av-masonry entry--><a href=\"http:\/\/gumbetanilbeach.com\/wp-content\/uploads\/2023\/06\/5Y4A5102-687x1030.jpg\" data-srcset=\"http:\/\/gumbetanilbeach.com\/wp-content\/uploads\/2023\/06\/5Y4A5102-687x1030.jpg 687w, http:\/\/gumbetanilbeach.com\/wp-content\/uploads\/2023\/06\/5Y4A5102-200x300.jpg 200w, http:\/\/gumbetanilbeach.com\/wp-content\/uploads\/2023\/06\/5Y4A5102-768x1152.jpg 768w, http:\/\/gumbetanilbeach.com\/wp-content\/uploads\/2023\/06\/5Y4A5102-1024x1536.jpg 1024w, http:\/\/gumbetanilbeach.com\/wp-content\/uploads\/2023\/06\/5Y4A5102-1365x2048.jpg 1365w, http:\/\/gumbetanilbeach.com\/wp-content\/uploads\/2023\/06\/5Y4A5102-1000x1500.jpg 1000w, http:\/\/gumbetanilbeach.com\/wp-content\/uploads\/2023\/06\/5Y4A5102-470x705.jpg 470w, http:\/\/gumbetanilbeach.com\/wp-content\/uploads\/2023\/06\/5Y4A5102-scaled.jpg 1707w\" data-sizes=\"(max-width: 687px) 100vw, 687px\"  aria-label=\"image 5Y4A5102\"  id='av-masonry-1-item-68' data-av-masonry-item='68' class='av-masonry-entry isotope-item post-68 attachment type-attachment status-inherit hentry  av-masonry-item-with-image' title=\"5Y4A5102\" alt=\"\"    itemprop=\"thumbnailUrl\" ><div class='av-inner-masonry-sizer'><\/div><figure class='av-inner-masonry main_color'><div class=\"av-masonry-outerimage-container\"><div class='av-masonry-image-container' style=\"background-image: url(http:\/\/gumbetanilbeach.com\/wp-content\/uploads\/2023\/06\/5Y4A5102-470x705.jpg);\"  title=\"5Y4A5102\"  ><\/div><\/div><\/figure><\/a><!--end av-masonry entry--><\/div><\/div><\/p><\/div>\n","protected":false},"excerpt":{"rendered":"","protected":false},"author":1,"featured_media":0,"parent":0,"menu_order":0,"comment_status":"closed","ping_status":"closed","template":"","meta":{"footnotes":""},"class_list":["post-112","page","type-page","status-publish","hentry"],"_links":{"self":[{"href":"http:\/\/gumbetanilbeach.com\/index.php?rest_route=\/wp\/v2\/pages\/112","targetHints":{"allow":["GET"]}}],"collection":[{"href":"http:\/\/gumbetanilbeach.com\/index.php?rest_route=\/wp\/v2\/pages"}],"about":[{"href":"http:\/\/gumbetanilbeach.com\/index.php?rest_route=\/wp\/v2\/types\/page"}],"author":[{"embeddable":true,"href":"http:\/\/gumbetanilbeach.com\/index.php?rest_route=\/wp\/v2\/users\/1"}],"replies":[{"embeddable":true,"href":"http:\/\/gumbetanilbeach.com\/index.php?rest_route=%2Fwp%2Fv2%2Fcomments&post=112"}],"version-history":[{"count":11,"href":"http:\/\/gumbetanilbeach.com\/index.php?rest_route=\/wp\/v2\/pages\/112\/revisions"}],"predecessor-version":[{"id":141,"href":"http:\/\/gumbetanilbeach.com\/index.php?rest_route=\/wp\/v2\/pages\/112\/revisions\/141"}],"wp:attachment":[{"href":"http:\/\/gumbetanilbeach.com\/index.php?rest_route=%2Fwp%2Fv2%2Fmedia&parent=112"}],"curies":[{"name":"wp","href":"https:\/\/api.w.org\/{rel}","templated":true}]}}