{"id":153,"date":"2024-08-20T16:57:51","date_gmt":"2024-08-20T13:57:51","guid":{"rendered":"https:\/\/gumbetanilbeach.com\/?page_id=153"},"modified":"2025-09-08T17:48:28","modified_gmt":"2025-09-08T14:48:28","slug":"surdurulebilirlilik","status":"publish","type":"page","link":"http:\/\/gumbetanilbeach.com\/?page_id=153","title":{"rendered":"S\u00fcrd\u00fcr\u00fclebilirlilik"},"content":{"rendered":"<div  class='flex_column av-lnwi9-d04a3cb860bcc12bf2f83a851279ba3d av_one_full  avia-builder-el-0  el_before_av_one_full  avia-builder-el-first  first flex_column_div  '     ><style type=\"text\/css\" data-created_by=\"avia_inline_auto\" id=\"style-css-av-m02hnrs1-b203e0cf4d9920d767425c063316f60d\">\n.avia-image-container.av-m02hnrs1-b203e0cf4d9920d767425c063316f60d img.avia_image{\nbox-shadow:none;\n}\n.avia-image-container.av-m02hnrs1-b203e0cf4d9920d767425c063316f60d .av-image-caption-overlay-center{\ncolor:#ffffff;\n}\n<\/style>\n<div  class='avia-image-container av-m02hnrs1-b203e0cf4d9920d767425c063316f60d av-styling- avia-align-center  avia-builder-el-1  avia-builder-el-no-sibling '   itemprop=\"image\" itemscope=\"itemscope\" itemtype=\"https:\/\/schema.org\/ImageObject\" ><div class=\"avia-image-container-inner\"><div class=\"avia-image-overlay-wrap\"><img decoding=\"async\" class='wp-image-154 avia-img-lazy-loading-not-154 avia_image ' src=\"http:\/\/gumbetanilbeach.com\/wp-content\/uploads\/2024\/08\/surdurulebilirlik-grafik.jpg\" alt='' title='surdurulebilirlik-grafik'  height=\"970\" width=\"1950\"  itemprop=\"thumbnailUrl\" srcset=\"http:\/\/gumbetanilbeach.com\/wp-content\/uploads\/2024\/08\/surdurulebilirlik-grafik.jpg 1950w, http:\/\/gumbetanilbeach.com\/wp-content\/uploads\/2024\/08\/surdurulebilirlik-grafik-300x149.jpg 300w, http:\/\/gumbetanilbeach.com\/wp-content\/uploads\/2024\/08\/surdurulebilirlik-grafik-1030x512.jpg 1030w, http:\/\/gumbetanilbeach.com\/wp-content\/uploads\/2024\/08\/surdurulebilirlik-grafik-768x382.jpg 768w, http:\/\/gumbetanilbeach.com\/wp-content\/uploads\/2024\/08\/surdurulebilirlik-grafik-1536x764.jpg 1536w, http:\/\/gumbetanilbeach.com\/wp-content\/uploads\/2024\/08\/surdurulebilirlik-grafik-1500x746.jpg 1500w, http:\/\/gumbetanilbeach.com\/wp-content\/uploads\/2024\/08\/surdurulebilirlik-grafik-705x351.jpg 705w\" sizes=\"(max-width: 1950px) 100vw, 1950px\" \/><\/div><\/div><\/div><\/div>\n<div  class='flex_column av-1fq01-f63b7198c428cb042caa4320ed132110 av_one_full  avia-builder-el-2  el_after_av_one_full  avia-builder-el-last  first flex_column_div  column-top-margin'     ><style type=\"text\/css\" data-created_by=\"avia_inline_auto\" id=\"style-css-av-m02hp05e-76c638228582cd0d3a7139591be11fce\">\n#top .av_textblock_section.av-m02hp05e-76c638228582cd0d3a7139591be11fce .avia_textblock{\n-webkit-column-count:2;\n-moz-column-count:2;\ncolumn-count:2;\n}\n<\/style>\n<section  class='av_textblock_section av-m02hp05e-76c638228582cd0d3a7139591be11fce '   itemscope=\"itemscope\" itemtype=\"https:\/\/schema.org\/CreativeWork\" ><div class='avia_textblock av_multi_colums'  itemprop=\"text\" ><p><strong>S\u00dcRD\u00dcR\u00dcLEB\u0130L\u0130R TUR\u0130ZM<\/strong><br \/>\nDo\u011fal kaynaklar\u0131n \u00e7evre sorumlulu\u011fu bilinci ile etkin kullan\u0131m\u0131n\u0131 sa\u011flamak amac\u0131yla; kaynak t\u00fcketiminden do\u011facak her t\u00fcrl\u00fc at\u0131klar\u0131n minimum seviyeye indirilmesi, kayna\u011f\u0131nda ayr\u0131\u015ft\u0131r\u0131lmas\u0131 ve tehlikelilerin \u00e7evreye zarar vermeden bertaraf edilmesi, ilgili yasa ve y\u00f6netmeliklere uymak ve s\u00fcrekli iyile\u015ftirmek, \u00e7al\u0131\u015fanlar\u0131m\u0131za, misafirlerimize, tur operat\u00f6rlerimize, tedarik\u00e7ilerimize ve topluma \u00e7evre bilincinin a\u015f\u0131lanmas\u0131na katk\u0131da bulunmak, politikam\u0131z\u0131 ya\u015fam tarz\u0131 haline getirmek, hayat\u0131m\u0131z\u0131n her alan\u0131na yay\u0131lmas\u0131 i\u00e7in uygulamalar\u0131m\u0131z\u0131n s\u00fcreklili\u011fini sa\u011flamak ve kamuoyu incelemesine a\u00e7\u0131k tutmak hedeflerimizdir<br \/>\n\u00c7al\u0131\u015fanlar\u0131m\u0131z\u0131n e\u011fitimlerini d\u00fczenli olarak sa\u011flamay\u0131, ko\u015fullar\u0131n\u0131 s\u00fcrekli iyile\u015ftirerek maruz kalabilecekleri tehlike ve riskleri \u00f6nceden tespit edip olas\u0131 i\u015f kazalar\u0131n\u0131n ve meslek hastal\u0131klar\u0131n\u0131n \u00f6n\u00fcne ge\u00e7meyi hedeflemektedir.<br \/>\nYasal \u015fartlar ve kendi \u015fartlar\u0131m\u0131za uyarak, ekip ruhu i\u00e7erisinde insan sa\u011fl\u0131\u011f\u0131n\u0131 ve insan haklar\u0131n\u0131 korumak, g\u00fcvenli ve sa\u011fl\u0131kl\u0131 bir \u00e7al\u0131\u015fma ortam\u0131 temin etmek i\u00e7in, t\u00fcm \u00e7al\u0131\u015fanlar\u0131m\u0131z\u0131 e\u011fitimler yard\u0131m\u0131yla bilin\u00e7lendirerek kendilerinin, di\u011fer \u00e7al\u0131\u015fanlar\u0131n ve misafirlerimizin sa\u011fl\u0131k ve g\u00fcvenliklerinin tehlikeye atmamay\u0131 temel g\u00f6rev olarak benimsetmek, risk analizlerimizi g\u00f6zden ge\u00e7irerek \u00f6nleme k\u00fclt\u00fcr\u00fcn\u00fc s\u00fcrekli iyile\u015ftirmek i\u015f sa\u011fl\u0131\u011f\u0131 &amp; g\u00fcvenli\u011fi politikam\u0131zd\u0131r.<br \/>\nIrk, cinsiyet, engellilik gibi konularda ayr\u0131mc\u0131l\u0131\u011fa f\u0131rsat vermeden, savunmas\u0131z gruplar\u0131n istismar\u0131n\u0131n \u00f6nlenmesi i\u00e7in \u00e7al\u0131\u015fmay\u0131, \u00fccret ve hizmet kalitesinin art\u0131r\u0131lmas\u0131 da d\u00e2hil olmak \u00fczere turizm taraf\u0131ndan yarat\u0131lan yerel istihdam\u0131n say\u0131s\u0131n\u0131 ve kalitesini artt\u0131rmay\u0131 hedeflemektedir.<br \/>\nTesisimiz, imkanlar\u0131 dahilinde herkes i\u00e7in eri\u015filebilir turizm hizmetleri sunmay\u0131 taahh\u00fct eder ve eri\u015filebilirlik d\u00fczeyi hakk\u0131nda m\u00fc\u015fterileri ve payda\u015flar\u0131n\u0131 internet sitesi arac\u0131l\u0131\u011f\u0131yla a\u00e7\u0131k ve do\u011fru \u015fekilde bilgilendirir.<br \/>\nK\u00fclt\u00fcrel mirasa fayda sa\u011flamay\u0131 ve k\u00fclt\u00fcrel mirasa verilen zarar\u0131 en aza indirmektir.<br \/>\nSat\u0131n alma politikam\u0131z yerel, \u00e7evreye duyarl\u0131, adil ticarete dayal\u0131 ve verimli sat\u0131n almaya y\u00f6neliktir. Tedarik\u00e7ilerimizin s\u00fcrd\u00fcr\u00fclebilirlikle ilgili s\u00fcre\u00e7lerini kontrol etmekteyiz.<br \/>\nMisafirlerimizin beklenti ve ihtiya\u00e7lar\u0131n\u0131 \u00f6nceden tespit ederek maksimum seviyede memnuniyet sa\u011flamakt\u0131r.<br \/>\nB\u00f6lge halk\u0131na sosyal ve ekonomik fayda sa\u011flamay\u0131 ve halka olan olumsuz etkileri en aza indirmektir.<br \/>\nTesisimizde, tan\u0131t\u0131mda t\u00fcm kesimlere do\u011fru bilgi verir. Tan\u0131t\u0131mda her zaman ger\u00e7ek g\u00f6rsel materyal kullan\u0131r. \u0130nternet sitesinde, sosyal medya hesaplar\u0131nda ve di\u011fer bas\u0131l\u0131 ve yaz\u0131l\u0131 tan\u0131t\u0131m kanallar\u0131nda ve pazarlama ileti\u015fiminde tesisimiz, \u00fcr\u00fcn ve hizmetleri a\u00e7\u0131s\u0131ndan \u015feffaf ve ger\u00e7ek\u00e7i bir yap\u0131ya sahiptir.<br \/>\nBulundu\u011fumuz yerlerde, yerel istihdam\u0131 artt\u0131rmak, do\u011fal ya\u015fam\u0131 korumak ve zenginle\u015ftirmek i\u00e7in gerekli her t\u00fcrl\u00fc \u00f6nlemi al\u0131r, \u00e7evremize sahip \u00e7\u0131kmak ad\u0131na yapt\u0131\u011f\u0131m\u0131z t\u00fcm faaliyetleri kamuoyuyla payla\u015f\u0131r\u0131z.<br \/>\nTesis ad\u0131na yay\u0131nlanan bu s\u00fcrd\u00fcr\u00fclebilirlik raporu ile tesisimizin s\u00fcrd\u00fcr\u00fclebilirlik performans\u0131 ve etkileri t\u00fcm payda\u015flar\u0131m\u0131z\u0131n dikkatine sunulmaktad\u0131r. Misafir memnuniyetini \u00f6n planda tutan bir Turizm yat\u0131r\u0131m \u015firketi olarak faaliyetlerimizi s\u00fcrd\u00fcrmekteyiz.<br \/>\nTesisimizde;<br \/>\n\u00c7evreyi korur, kirlenmesini \u00f6nler, \u00e7evreye olan olumsuz etkilerimizi azaltmaya \u00f6nem veriyoruz,<br \/>\nSu, enerji ve t\u00fcm do\u011fal kaynaklar\u0131 tasarruflu kullanmaya \u00e7al\u0131\u015f\u0131yoruz ve bu hassasiyetimizi \u00e7al\u0131\u015fanlar\u0131m\u0131z, misafirlerimiz, tedarik\u00e7ilerimiz ile payla\u015f\u0131yoruz,<br \/>\n\u0130\u015fletmemizde ald\u0131\u011f\u0131m\u0131z malzemelerde \u201cgeri d\u00f6n\u00fc\u015f\u00fcm\u201d ve \u201c\u00e7evre dostu\u201d etiketi olanlar\u0131 tercih ederek do\u011fay\u0131 korumaya katk\u0131da bulunuyoruz. Yeniden kullan\u0131m f\u0131rsatlar\u0131 yaratmaya \u00e7al\u0131\u015f\u0131yoruz.<br \/>\n\u00c7evre y\u00f6netimi konusundaki performans\u0131m\u0131z\u0131 \u00f6l\u00e7\u00fcyor, bu verileri hedefler ile izliyor ve performans\u0131m\u0131z\u0131 geli\u015ftirmeye \u00e7al\u0131\u015f\u0131yoruz.<br \/>\nHem do\u011faya kar\u015f\u0131 sorumluluklar\u0131m\u0131z hem de yasal y\u00fck\u00fcml\u00fcl\u00fcklerimizi yerine getirmek \u00fczere ulusal ve uluslararas\u0131 standartlar\u0131, yasa ve d\u00fczenlemeleri takip ediyoruz.<br \/>\nAt\u0131klar\u0131 do\u011fru \u015fekilde, \u00f6zelliklerine g\u00f6re ayr\u0131 alanlarda depoluyor, yasal depolama s\u00fcre s\u0131n\u0131rlar\u0131n\u0131 a\u015fmadan lisansl\u0131\/yetkili firmalara teslim ederek, kay\u0131tlar\u0131n\u0131 muhafaza ediyoruz.<br \/>\nYerel\/b\u00f6lgesel kalk\u0131nma ve istihdam\u0131 destekliyoruz,<br \/>\n\u00c7al\u0131\u015fanlar\u0131m\u0131z\u0131n \u00e7al\u0131\u015fma haklar\u0131na sayg\u0131 duyuyor, yasal mevzuat h\u00fck\u00fcmleri \u00e7er\u00e7evesinde takip ediyoruz.<br \/>\n\u00c7ocuk i\u015f\u00e7ili\u011fin kald\u0131r\u0131lmas\u0131n\u0131 destekliyoruz.<br \/>\n\u00c7al\u0131\u015fanlar\u0131m\u0131za d\u00fczenli e\u011fitimler vererek geli\u015fim ve ilerleme f\u0131rsat\u0131 sunuyoruz.<br \/>\n\u00c7al\u0131\u015fanlar\u0131m\u0131za sa\u011fl\u0131kl\u0131, g\u00fcvenli \u00e7al\u0131\u015fma ortam\u0131 sunuyor, istek, \u00f6neri ve \u015fikayetlerini iletebilecekleri \u00e7e\u015fitli imkanlar sunuyoruz.<br \/>\nYerel\/B\u00f6lgenin do\u011fal ve k\u00fclt\u00fcrel miras\u0131yla ilgili misafirlerimizi ve \u00e7al\u0131\u015fanlar\u0131m\u0131z\u0131 bilgilendiriyoruz,<br \/>\nMisafirlerimizin t\u00fcm geri bildirimlerini de\u011ferlendiriyoruz. Elde etti\u011fimiz veriler do\u011frultusunda s\u00fcre\u00e7lerimizi iyile\u015ftiriyoruz.<br \/>\n\u00dcr\u00fcn\/hizmet al\u0131mlar\u0131nda niteli\u011fi ve kalitesini kullan\u0131c\u0131larla de\u011ferlendiriyor ve analiz ediyoruz. Tedarik\u00e7i se\u00e7iminde adil, d\u00fcr\u00fcst ve tarafs\u0131z davran\u0131yoruz.<br \/>\n\u0130nsan haklar\u0131na sayg\u0131 duyuyor; dil, din, \u0131rk, cinsiyet vb. her t\u00fcrl\u00fc ayr\u0131mc\u0131l\u0131\u011f\u0131 reddediyoruz. \u00d6zel korumal\u0131 gruplar ve di\u011fer savunmas\u0131z gruplara y\u00f6nelik, ticari, cinsel veya ba\u015fka herhangi bir istismar veya tacize kar\u015f\u0131y\u0131z. Aile i\u00e7i \u015fiddet ve \u00e7ocuk istismar\u0131na kar\u015f\u0131 al\u0131nacak tedbirleri destekliyoruz. Dezavantajl\u0131 bireyler i\u00e7in iyile\u015ftirmeler hedeflenmektedir, hizmet sunulamamaktad\u0131r. Evcil hayvan kabul edilmemektedir.<br \/>\nHer y\u0131l sonunda s\u00fcrd\u00fcr\u00fclebilirlik performans\u0131m\u0131z\u0131 de\u011ferlendirip, t\u00fcm payda\u015flar\u0131m\u0131z ile online olarak resm\u00ee web sayfam\u0131zda payla\u015fmay\u0131 planl\u0131yoruz.<br \/>\n<strong>2024 PERFORMANS DE\u011eERLEND\u0130RMEM\u0130Z<\/strong><br \/>\n\uf0fc \u00c7ar\u015faf ve havlu de\u011fi\u015fimlerinin daha az s\u0131kl\u0131kta yap\u0131larak deterjan ve su kullan\u0131m\u0131n\u0131n azalt\u0131lmas\u0131 i\u00e7in misafirler giri\u015fte ve odalarda bilgilendirilmektedir. Bu sayede hem temizlik kimyasal sarfiyat\u0131m\u0131z d\u00fc\u015fm\u00fc\u015f hem de su ve enerjiden tasarruf etmi\u015f bulunmaktay\u0131z.<br \/>\n\uf0fc Diskart havlu ve \u00e7ar\u015faflar temizlik bezi olarak de\u011ferlendirilmektedir. Temizlik bezi sat\u0131n alma oran\u0131 %15 oran\u0131nda azalm\u0131\u015f oldu\u011funu g\u00f6zlemledik. Gelecek y\u0131llarda bu oran\u0131n art\u0131\u015f\u0131n\u0131 hedeflemekteyiz.<br \/>\n\uf0fc Genel alan tuvaletlerindeki musluklar ve ayd\u0131nlatmalar\u0131n sens\u00f6rl\u00fc olarak de\u011fi\u015ftirilmi\u015f ve musluklara su ak\u0131m\u0131n\u0131 azaltan perlat\u00f6rler tak\u0131lm\u0131\u015ft\u0131r. Bu sayede elektrikte %13 ve su t\u00fcketiminde %17\u2019lik azalma sa\u011flanm\u0131\u015ft\u0131r.<br \/>\n\uf0fc Tesisimizdeki at\u0131klar t\u00fcrlerine g\u00f6re ayr\u0131\u015fmaktad\u0131r. 2024 TABS Beyan\u0131 yap\u0131lm\u0131\u015f olup at\u0131klar\u0131n kayd\u0131 MOTAT sisteminde tutulmaya devam edilmektedir.<br \/>\n\uf0fc Odalarda ve \u00e7evre ayd\u0131nlatmalar\u0131nda enerji tasarruflu ampuller kullan\u0131lmaktad\u0131r. Bu sayede elektrik t\u00fcketimi %13 azalm\u0131\u015ft\u0131r. (Bozulan veya \u00f6mr\u00fcn\u00fc tamamlayan ampuller enerji tasarruflu olanlarla de\u011fi\u015ftirilmeye devam edilecektir.)<br \/>\n\uf0fc Uygun olan sebze ve meyve at\u0131klar\u0131 bah\u00e7edeki hayvanlara verilmektedir. Bu sayede organik at\u0131klar\u0131n miktar\u0131nda az da olsa azalma sa\u011flanm\u0131\u015ft\u0131r.<br \/>\n\uf0fc Tedarik\u00e7ilerimizin \u00e7o\u011fu yar\u0131mada s\u0131n\u0131rlar\u0131 i\u00e7erisinden se\u00e7ilmektedir. Yerel tedarik\u00e7i oran\u0131 ge\u00e7mi\u015f y\u0131la g\u00f6re say\u0131s\u0131n\u0131 2 adet art\u0131rm\u0131\u015ft\u0131r.<br \/>\n\uf0fc Misafirlerimizi yak\u0131n mesafe yerlere ula\u015f\u0131mlar\u0131nda y\u00fcr\u00fcmeye ve yar\u0131madada kurulan pazarlara, \u00e7evredeki market, restoran, kafe gibi alanlara y\u00f6nlendirmekteyiz. Bu sayede yerel esnaf\u0131 da desteklemekteyiz.<br \/>\n\uf0fc Bodrum b\u00f6lgesindeki tarihi ve k\u00fclt\u00fcrel yerlerin bilgisini hem s\u00f6zel hem de QR kod ile vermekteyiz. Bu sayede misafirlerimiz b\u00f6lgenin gezi alanlar\u0131n\u0131 ve k\u00fclt\u00fcrel miraslar\u0131m\u0131z\u0131 tan\u0131maktad\u0131r.<br \/>\nHEDEF PLANLARIMIZ<br \/>\n\uf0d8 Misafir odalar\u0131ndaki buklet malzemelerinde geri d\u00f6n\u00fc\u015ft\u00fcr\u00fclebilir ve doldurulabilir modeller kullanmay\u0131,<br \/>\n\uf0d8 Misafirlerimizi s\u00fcrd\u00fcr\u00fclebilirlik konusunda daha \u00e7ok bilgilendirerek ve \u00f6d\u00fcl sistemi planlayarak ekstra talepler d\u0131\u015f\u0131ndaki \u00e7ar\u015faf ve havlu de\u011fi\u015fimlerini daha az s\u0131kl\u0131kta yapmaya te\u015fvik etmeyi ve deterjan, su kullan\u0131m\u0131n\u0131 azaltmay\u0131,<br \/>\n\uf0d8 Odalardaki tek kullan\u0131ml\u0131k buklet malzemeleri geri d\u00f6n\u00fc\u015f\u00fcml\u00fc olanlarla de\u011fi\u015ftirmeyi,<br \/>\n\uf0d8 \u00c7evre y\u00f6netimi ve at\u0131k azalt\u0131m\u0131 konusunda personel e\u011fitimlerini art\u0131rmay\u0131,<br \/>\n\uf0d8 Misafirlerin s\u00fcrd\u00fcr\u00fclebilirlik konusundaki fark\u0131ndal\u0131\u011f\u0131n\u0131 art\u0131rmak i\u00e7in anket sistemini geli\u015ftirmeyi,<br \/>\n\uf0d8 Sat\u0131n almada m\u00fcmk\u00fcn oldu\u011funca \u00e7evreye duyarl\u0131 \u00fcr\u00fcn oran\u0131n\u0131 art\u0131rmay\u0131, hedeflemekteyiz.<br \/>\n\uf0d8 Dezavantajl\u0131 bireylerin konaklayabilme ko\u015fullar\u0131 i\u00e7in iyile\u015ftirmeler hedeflemekteyiz.<\/p>\n<\/div><\/section><\/div>\n","protected":false},"excerpt":{"rendered":"","protected":false},"author":1,"featured_media":0,"parent":0,"menu_order":0,"comment_status":"closed","ping_status":"closed","template":"","meta":{"footnotes":""},"class_list":["post-153","page","type-page","status-publish","hentry"],"_links":{"self":[{"href":"http:\/\/gumbetanilbeach.com\/index.php?rest_route=\/wp\/v2\/pages\/153","targetHints":{"allow":["GET"]}}],"collection":[{"href":"http:\/\/gumbetanilbeach.com\/index.php?rest_route=\/wp\/v2\/pages"}],"about":[{"href":"http:\/\/gumbetanilbeach.com\/index.php?rest_route=\/wp\/v2\/types\/page"}],"author":[{"embeddable":true,"href":"http:\/\/gumbetanilbeach.com\/index.php?rest_route=\/wp\/v2\/users\/1"}],"replies":[{"embeddable":true,"href":"http:\/\/gumbetanilbeach.com\/index.php?rest_route=%2Fwp%2Fv2%2Fcomments&post=153"}],"version-history":[{"count":3,"href":"http:\/\/gumbetanilbeach.com\/index.php?rest_route=\/wp\/v2\/pages\/153\/revisions"}],"predecessor-version":[{"id":182,"href":"http:\/\/gumbetanilbeach.com\/index.php?rest_route=\/wp\/v2\/pages\/153\/revisions\/182"}],"wp:attachment":[{"href":"http:\/\/gumbetanilbeach.com\/index.php?rest_route=%2Fwp%2Fv2%2Fmedia&parent=153"}],"curies":[{"name":"wp","href":"https:\/\/api.w.org\/{rel}","templated":true}]}}